{"id":4201,"date":"2026-02-09T18:17:37","date_gmt":"2026-02-09T18:17:37","guid":{"rendered":"https:\/\/tuttoo.mx\/?page_id=4201"},"modified":"2026-02-09T18:31:53","modified_gmt":"2026-02-09T18:31:53","slug":"politica-de-no-discriminacion","status":"publish","type":"page","link":"https:\/\/tuttoo.mx\/index.php\/politica-de-no-discriminacion\/","title":{"rendered":"Pol\u00edtica de NO Discriminaci\u00f3n"},"content":{"rendered":"\t\t<div data-elementor-type=\"wp-page\" data-elementor-id=\"4201\" class=\"elementor elementor-4201\" data-elementor-settings=\"{&quot;element_pack_global_tooltip_width&quot;:{&quot;unit&quot;:&quot;px&quot;,&quot;size&quot;:&quot;&quot;,&quot;sizes&quot;:[]},&quot;element_pack_global_tooltip_width_tablet&quot;:{&quot;unit&quot;:&quot;px&quot;,&quot;size&quot;:&quot;&quot;,&quot;sizes&quot;:[]},&quot;element_pack_global_tooltip_width_mobile&quot;:{&quot;unit&quot;:&quot;px&quot;,&quot;size&quot;:&quot;&quot;,&quot;sizes&quot;:[]},&quot;element_pack_global_tooltip_padding&quot;:{&quot;unit&quot;:&quot;px&quot;,&quot;top&quot;:&quot;&quot;,&quot;right&quot;:&quot;&quot;,&quot;bottom&quot;:&quot;&quot;,&quot;left&quot;:&quot;&quot;,&quot;isLinked&quot;:true},&quot;element_pack_global_tooltip_padding_tablet&quot;:{&quot;unit&quot;:&quot;px&quot;,&quot;top&quot;:&quot;&quot;,&quot;right&quot;:&quot;&quot;,&quot;bottom&quot;:&quot;&quot;,&quot;left&quot;:&quot;&quot;,&quot;isLinked&quot;:true},&quot;element_pack_global_tooltip_padding_mobile&quot;:{&quot;unit&quot;:&quot;px&quot;,&quot;top&quot;:&quot;&quot;,&quot;right&quot;:&quot;&quot;,&quot;bottom&quot;:&quot;&quot;,&quot;left&quot;:&quot;&quot;,&quot;isLinked&quot;:true},&quot;element_pack_global_tooltip_border_radius&quot;:{&quot;unit&quot;:&quot;px&quot;,&quot;top&quot;:&quot;&quot;,&quot;right&quot;:&quot;&quot;,&quot;bottom&quot;:&quot;&quot;,&quot;left&quot;:&quot;&quot;,&quot;isLinked&quot;:true},&quot;element_pack_global_tooltip_border_radius_tablet&quot;:{&quot;unit&quot;:&quot;px&quot;,&quot;top&quot;:&quot;&quot;,&quot;right&quot;:&quot;&quot;,&quot;bottom&quot;:&quot;&quot;,&quot;left&quot;:&quot;&quot;,&quot;isLinked&quot;:true},&quot;element_pack_global_tooltip_border_radius_mobile&quot;:{&quot;unit&quot;:&quot;px&quot;,&quot;top&quot;:&quot;&quot;,&quot;right&quot;:&quot;&quot;,&quot;bottom&quot;:&quot;&quot;,&quot;left&quot;:&quot;&quot;,&quot;isLinked&quot;:true}}\" data-elementor-post-type=\"page\">\n\t\t\t\t<div class=\"elementor-element elementor-element-7e90c79 e-flex e-con-boxed e-con e-parent\" data-id=\"7e90c79\" data-element_type=\"container\" data-settings=\"{&quot;ekit_has_onepagescroll_dot&quot;:&quot;yes&quot;}\">\n\t\t\t\t\t<div class=\"e-con-inner\">\n\t\t\t\t<div class=\"elementor-element elementor-element-480ddb3 elementor-widget elementor-widget-heading\" data-id=\"480ddb3\" data-element_type=\"widget\" data-settings=\"{&quot;ekit_we_effect_on&quot;:&quot;none&quot;}\" data-widget_type=\"heading.default\">\n\t\t\t\t\t<h2 class=\"elementor-heading-title elementor-size-default\">Pol\u00edtica de NO DISCRIMINACI\u00d3N<\/h2>\t\t\t\t<\/div>\n\t\t\t\t\t<\/div>\n\t\t\t\t<\/div>\n\t\t<div class=\"elementor-element elementor-element-ff1936a e-flex e-con-boxed e-con e-parent\" data-id=\"ff1936a\" data-element_type=\"container\" data-settings=\"{&quot;ekit_has_onepagescroll_dot&quot;:&quot;yes&quot;}\">\n\t\t\t\t\t<div class=\"e-con-inner\">\n\t\t\t\t<div class=\"elementor-element elementor-element-e9308df elementor-widget elementor-widget-text-editor\" data-id=\"e9308df\" data-element_type=\"widget\" data-settings=\"{&quot;ekit_we_effect_on&quot;:&quot;none&quot;}\" data-widget_type=\"text-editor.default\">\n\t\t\t\t\t\t\t\t\t<p>En <strong>Tuttoo<\/strong> queda prohibida toda discriminaci\u00f3n por motivos de origen \u00e9tnico, g\u00e9nero, edad, discapacidad, condici\u00f3n social, salud, religi\u00f3n, opiniones, preferencias, estado civil o cualquier otra que atente contra la dignidad humana.<\/p>\t\t\t\t\t\t\t\t<\/div>\n\t\t\t\t\t<\/div>\n\t\t\t\t<\/div>\n\t\t\t\t<\/div>\n\t\t","protected":false},"excerpt":{"rendered":"<p>Pol\u00edtica de NO DISCRIMINACI\u00d3N En Tuttoo queda prohibida toda discriminaci\u00f3n por motivos de origen \u00e9tnico, g\u00e9nero, edad, discapacidad, condici\u00f3n social, salud, religi\u00f3n, opiniones, preferencias, estado civil o cualquier otra que&hellip;<\/p>\n","protected":false},"author":1,"featured_media":0,"parent":0,"menu_order":0,"comment_status":"closed","ping_status":"closed","template":"","meta":{"footnotes":""},"class_list":["post-4201","page","type-page","status-publish","hentry"],"_links":{"self":[{"href":"https:\/\/tuttoo.mx\/index.php\/wp-json\/wp\/v2\/pages\/4201","targetHints":{"allow":["GET"]}}],"collection":[{"href":"https:\/\/tuttoo.mx\/index.php\/wp-json\/wp\/v2\/pages"}],"about":[{"href":"https:\/\/tuttoo.mx\/index.php\/wp-json\/wp\/v2\/types\/page"}],"author":[{"embeddable":true,"href":"https:\/\/tuttoo.mx\/index.php\/wp-json\/wp\/v2\/users\/1"}],"replies":[{"embeddable":true,"href":"https:\/\/tuttoo.mx\/index.php\/wp-json\/wp\/v2\/comments?post=4201"}],"version-history":[{"count":10,"href":"https:\/\/tuttoo.mx\/index.php\/wp-json\/wp\/v2\/pages\/4201\/revisions"}],"predecessor-version":[{"id":4216,"href":"https:\/\/tuttoo.mx\/index.php\/wp-json\/wp\/v2\/pages\/4201\/revisions\/4216"}],"wp:attachment":[{"href":"https:\/\/tuttoo.mx\/index.php\/wp-json\/wp\/v2\/media?parent=4201"}],"curies":[{"name":"wp","href":"https:\/\/api.w.org\/{rel}","templated":true}]}}